{"id":1232,"date":"2024-12-13T22:15:52","date_gmt":"2024-12-13T21:15:52","guid":{"rendered":"https:\/\/alliancease.com\/services\/"},"modified":"2025-12-25T17:27:17","modified_gmt":"2025-12-25T16:27:17","slug":"storitve","status":"publish","type":"page","link":"https:\/\/alliancease.com\/sl\/storitve\/","title":{"rendered":"Storitve"},"content":{"rendered":"\n<div class=\"wp-block-cover alignfull is-light\"><img loading=\"lazy\" decoding=\"async\" width=\"1200\" height=\"600\" class=\"wp-block-cover__image-background wp-image-677\" alt=\"\" src=\"https:\/\/alliancease.com\/wp-content\/uploads\/2024\/12\/Pumptrack-Vrhnika_Construction_Foto-Ursa-Drofenik_28.webp\" data-object-fit=\"cover\" srcset=\"https:\/\/alliancease.com\/wp-content\/uploads\/2024\/12\/Pumptrack-Vrhnika_Construction_Foto-Ursa-Drofenik_28.webp 1200w, https:\/\/alliancease.com\/wp-content\/uploads\/2024\/12\/Pumptrack-Vrhnika_Construction_Foto-Ursa-Drofenik_28-400x200.webp 400w, https:\/\/alliancease.com\/wp-content\/uploads\/2024\/12\/Pumptrack-Vrhnika_Construction_Foto-Ursa-Drofenik_28-1024x512.webp 1024w, https:\/\/alliancease.com\/wp-content\/uploads\/2024\/12\/Pumptrack-Vrhnika_Construction_Foto-Ursa-Drofenik_28-768x384.webp 768w\" sizes=\"auto, (max-width: 1200px) 100vw, 1200px\" \/><span aria-hidden=\"true\" class=\"wp-block-cover__background has-primary-dark-background-color has-background-dim-10 has-background-dim\"><\/span><div class=\"wp-block-cover__inner-container is-layout-constrained wp-block-cover-is-layout-constrained\">\n<p class=\"has-text-align-center has-large-font-size\"><\/p>\n<\/div><\/div>\n\n\n\n<div class=\"wp-block-group is-layout-constrained wp-block-group-is-layout-constrained\" style=\"margin-top:var(--wp--preset--spacing--60);margin-bottom:0\">\n<h2 class=\"wp-block-heading\">Storitve<\/h2>\n\n\n\n<p><strong>Alliance ASE je podjetje za na\u010drtovanje in gradnjo s celovitimi storitvami, ki je specializirano za razvoj pump trackov in drugih akcijskih \u0161portnih objektov. Na\u0161o ekipo sestavljajo strokovnjaki z dolgoletnimi izku\u0161njami na podro\u010dju projektiranja, in\u017eeniringa in gradnje. Na\u0161im strankam nudimo vseobsegajo\u010do izku\u0161njo, saj jim nudimo vse, kar potrebujejo, iz enega vira: ne le da lahko ponudimo strokovno tehni\u010dno vodenje, ampak imamo tudi izku\u0161ene gradbene ekipe in specializirana orodja, potrebna tudi za najzahtevnej\u0161e projekte, ki nam omogo\u010dajo ustvarjanje visokokakovostni pump tracki hitro in u\u010dinkovito. Na\u0161e re\u0161itve so prilagojene za vse velikosti projektov kot tudi za razli\u010dne vrste strank, od javnih in zasebnih investitorjev in razvijalcev, arhitektov do gradbenih podjetij.<\/strong><\/p>\n\n\n\n<h4 class=\"wp-block-heading\">Predstava<\/h4>\n\n\n\n<p>Vsak na\u0161 pump track je prilagojen lokalni skupnosti in kulturi ter edinstvenemu okolju in geografskim elementom okolice. Pri oblikovanju vsakega od na\u0161ih projektov izvajamo temeljito raziskavo lokacije in upo\u0161tevamo \u017eelje strank in lokalnih \u0161portnikov. Na podlagi teh vnosov pripravimo ustrezno postavitev pump tracka z razli\u010dnimi vizualizacijami, ki pomagajo pridobiti povratne informacije od dele\u017enikov in prepri\u010dati odlo\u010devalce.<\/p>\n\n\n\n<h4 class=\"wp-block-heading\">Plan<\/h4>\n\n\n\n<p>Na podlagi potrjenega pump track koncepta na\u0161i gradbeni in\u017eenirji in krajinski arhitekti pripravijo podrobne gradbene in gradbene na\u010drte. Upo\u0161tevajo\u010d varnostne norme in predpise na\u0161im strankam zagotavljamo, da bo pump track izpolnjeval vse potrebne zahteve. Izvedemo lahko glavni na\u010drt v polnem obsegu ali pa se osredoto\u010dimo le na ozko obmo\u010dje samega pump tracka. Poleg tega poskrbimo za izbor materialov z ustrezno specifikacijo in pripravo razpisne dokumentacije.<\/p>\n\n\n\n<h4 class=\"wp-block-heading\">Grandja<\/h4>\n\n\n\n<p>Izgradnja visokokakovostnega asfaltnega pump tracka zahteva specializirane tehnike in orodja. Na\u0161e izku\u0161ene gradbene ekipe imajo vse, kar je potrebno. Prevzamemo celotno gradnjo, od zemeljskih del do drena\u017ee, pump track gradnje iz gramoza, asfaltnih del do urejanja okolice. Poleg tega smo fleksibilni in pripravljeni sodelovati z lokalnimi izvajalci pri vseh opravilih, ki ne zahtevajo posebnega znanja. Ko smo zgradili ve\u010d kot 100 pump trackov v razli\u010dnih okoljih, smo se nau\u010dili razvijati visokokakovostne pump tracke hitro in u\u010dinkovito. Po \u017eelji usposabljamo lokalna gradbena podjetja in izvajalce, da lahko sami, vendar pod na\u0161im nadzorom, zgradijo pump track.<\/p>\n\n\n\n<h4 class=\"wp-block-heading\">Arhitekturni in tehni\u010dni nadzor<\/h4>\n\n\n\n<p>Na projektih z ve\u010d izvajalci nudimo investitorjem in projektantom arhitekturni in tehni\u010dni nadzor gradnje pump tracka. Konstrukcija pump tracka zahteva vrsto specializiranih gradbenih tehnik in protokolov. Na podlagi bogatih izku\u0161enj in u\u010dinkovitega vodenja projektov skrbimo, da bo gradnja ustrezala projektnim na\u010drtom in zahtevam.<\/p>\n\n\n\n<h4 class=\"wp-block-heading\">Upravljanje<\/h4>\n\n\n\n<p>Na\u0161i asfaltni pump tracki ne zahtevajo veliko vzdr\u017eevanja, vendar so redni pregledi in varnostni pregledi izjemnega pomena za zagotavljanje varnosti in dolgo \u017eivljenjsko dobo \u0161portnega objekta. Na\u0161e izku\u0161ene ekipe v sodelovanju z neodvisnimi varnostnimi in\u0161pektorji lahko v celoti poskrbijo za va\u0161 pump track, da boste lahko brezskrbni.<\/p>\n\n\n\n<h4 class=\"wp-block-heading\">Sodelovanje<\/h4>\n\n\n\n<p>Pomagamo vam kar najbolje izkoristiti va\u0161 novi \u0161portni objekt. Za\u010den\u0161i s privla\u010dno otvoritveno slovesnostjo, ki bo navdu\u0161ila in informirala lokalno skupnost in medije, vam pomagamo aktivirati in privabiti potencialne uporabnike. Uporabnike dodatno pritegnemo s treningi, dogodki in tekmovanji. Uporabniki Pump Traka bodo posledi\u010dno lahko vozili varno in hitro napredovali, hkrati pa ostali motivirani na dolgi rok.<\/p>\n<\/div>\n","protected":false},"excerpt":{"rendered":"<p>Storitve Alliance ASE je podjetje za na\u010drtovanje in gradnjo s celovitimi storitvami, ki je specializirano za razvoj pump trackov in drugih akcijskih \u0161portnih objektov. Na\u0161o ekipo sestavljajo strokovnjaki z dolgoletnimi izku\u0161njami na podro\u010dju projektiranja, in\u017eeniringa in gradnje. Na\u0161im strankam nudimo vseobsegajo\u010do izku\u0161njo, saj jim nudimo vse, kar potrebujejo, iz enega vira: ne le da lahko [&hellip;]<\/p>\n","protected":false},"author":1,"featured_media":0,"parent":0,"menu_order":0,"comment_status":"closed","ping_status":"closed","template":"","meta":{"_acf_changed":false,"footnotes":""},"class_list":["post-1232","page","type-page","status-publish","hentry"],"acf":[],"yoast_head":"<!-- This site is optimized with the Yoast SEO plugin v26.6 - https:\/\/yoast.com\/wordpress\/plugins\/seo\/ -->\n<title>Storitve - Alliance ASE<\/title>\n<meta name=\"robots\" content=\"index, follow, max-snippet:-1, max-image-preview:large, max-video-preview:-1\" \/>\n<link rel=\"canonical\" href=\"https:\/\/alliancease.com\/sl\/storitve\/\" \/>\n<meta property=\"og:locale\" content=\"sl_SI\" \/>\n<meta property=\"og:type\" content=\"article\" \/>\n<meta property=\"og:title\" content=\"Storitve - Alliance ASE\" \/>\n<meta property=\"og:description\" content=\"Storitve Alliance ASE je podjetje za na\u010drtovanje in gradnjo s celovitimi storitvami, ki je specializirano za razvoj pump trackov in drugih akcijskih \u0161portnih objektov. Na\u0161o ekipo sestavljajo strokovnjaki z dolgoletnimi izku\u0161njami na podro\u010dju projektiranja, in\u017eeniringa in gradnje. Na\u0161im strankam nudimo vseobsegajo\u010do izku\u0161njo, saj jim nudimo vse, kar potrebujejo, iz enega vira: ne le da lahko [&hellip;]\" \/>\n<meta property=\"og:url\" content=\"https:\/\/alliancease.com\/sl\/storitve\/\" \/>\n<meta property=\"og:site_name\" content=\"Alliance ASE\" \/>\n<meta property=\"article:modified_time\" content=\"2025-12-25T16:27:17+00:00\" \/>\n<meta property=\"og:image\" content=\"https:\/\/alliancease.com\/wp-content\/uploads\/2024\/12\/Pumptrack-Vrhnika_Construction_Foto-Ursa-Drofenik_28.webp\" \/>\n\t<meta property=\"og:image:width\" content=\"1200\" \/>\n\t<meta property=\"og:image:height\" content=\"600\" \/>\n\t<meta property=\"og:image:type\" content=\"image\/webp\" \/>\n<meta name=\"twitter:card\" content=\"summary_large_image\" \/>\n<meta name=\"twitter:label1\" content=\"Est. reading time\" \/>\n\t<meta name=\"twitter:data1\" content=\"3 minute\" \/>\n<script type=\"application\/ld+json\" class=\"yoast-schema-graph\">{\"@context\":\"https:\/\/schema.org\",\"@graph\":[{\"@type\":\"WebPage\",\"@id\":\"https:\/\/alliancease.com\/sl\/storitve\/\",\"url\":\"https:\/\/alliancease.com\/sl\/storitve\/\",\"name\":\"Storitve - Alliance ASE\",\"isPartOf\":{\"@id\":\"https:\/\/alliancease.com\/sl\/#website\"},\"primaryImageOfPage\":{\"@id\":\"https:\/\/alliancease.com\/sl\/storitve\/#primaryimage\"},\"image\":{\"@id\":\"https:\/\/alliancease.com\/sl\/storitve\/#primaryimage\"},\"thumbnailUrl\":\"https:\/\/alliancease.com\/wp-content\/uploads\/2024\/12\/Pumptrack-Vrhnika_Construction_Foto-Ursa-Drofenik_28.webp\",\"datePublished\":\"2024-12-13T21:15:52+00:00\",\"dateModified\":\"2025-12-25T16:27:17+00:00\",\"breadcrumb\":{\"@id\":\"https:\/\/alliancease.com\/sl\/storitve\/#breadcrumb\"},\"inLanguage\":\"sl-SI\",\"potentialAction\":[{\"@type\":\"ReadAction\",\"target\":[\"https:\/\/alliancease.com\/sl\/storitve\/\"]}]},{\"@type\":\"ImageObject\",\"inLanguage\":\"sl-SI\",\"@id\":\"https:\/\/alliancease.com\/sl\/storitve\/#primaryimage\",\"url\":\"https:\/\/alliancease.com\/wp-content\/uploads\/2024\/12\/Pumptrack-Vrhnika_Construction_Foto-Ursa-Drofenik_28.webp\",\"contentUrl\":\"https:\/\/alliancease.com\/wp-content\/uploads\/2024\/12\/Pumptrack-Vrhnika_Construction_Foto-Ursa-Drofenik_28.webp\"},{\"@type\":\"BreadcrumbList\",\"@id\":\"https:\/\/alliancease.com\/sl\/storitve\/#breadcrumb\",\"itemListElement\":[{\"@type\":\"ListItem\",\"position\":1,\"name\":\"Home\",\"item\":\"https:\/\/alliancease.com\/sl\/\"},{\"@type\":\"ListItem\",\"position\":2,\"name\":\"Storitve\"}]},{\"@type\":\"WebSite\",\"@id\":\"https:\/\/alliancease.com\/sl\/#website\",\"url\":\"https:\/\/alliancease.com\/sl\/\",\"name\":\"Alliance ASE\",\"description\":\"Action Sports Expers\",\"publisher\":{\"@id\":\"https:\/\/alliancease.com\/sl\/#organization\"},\"potentialAction\":[{\"@type\":\"SearchAction\",\"target\":{\"@type\":\"EntryPoint\",\"urlTemplate\":\"https:\/\/alliancease.com\/sl\/?s={search_term_string}\"},\"query-input\":{\"@type\":\"PropertyValueSpecification\",\"valueRequired\":true,\"valueName\":\"search_term_string\"}}],\"inLanguage\":\"sl-SI\"},{\"@type\":\"Organization\",\"@id\":\"https:\/\/alliancease.com\/sl\/#organization\",\"name\":\"Alliance ASE\",\"url\":\"https:\/\/alliancease.com\/sl\/\",\"logo\":{\"@type\":\"ImageObject\",\"inLanguage\":\"sl-SI\",\"@id\":\"https:\/\/alliancease.com\/sl\/#\/schema\/logo\/image\/\",\"url\":\"https:\/\/alliancease.com\/wp-content\/uploads\/2026\/04\/logo-alliancease.svg\",\"contentUrl\":\"https:\/\/alliancease.com\/wp-content\/uploads\/2026\/04\/logo-alliancease.svg\",\"caption\":\"Alliance ASE\"},\"image\":{\"@id\":\"https:\/\/alliancease.com\/sl\/#\/schema\/logo\/image\/\"}}]}<\/script>\n<!-- \/ Yoast SEO plugin. -->","yoast_head_json":{"title":"Storitve - Alliance ASE","robots":{"index":"index","follow":"follow","max-snippet":"max-snippet:-1","max-image-preview":"max-image-preview:large","max-video-preview":"max-video-preview:-1"},"canonical":"https:\/\/alliancease.com\/sl\/storitve\/","og_locale":"sl_SI","og_type":"article","og_title":"Storitve - Alliance ASE","og_description":"Storitve Alliance ASE je podjetje za na\u010drtovanje in gradnjo s celovitimi storitvami, ki je specializirano za razvoj pump trackov in drugih akcijskih \u0161portnih objektov. Na\u0161o ekipo sestavljajo strokovnjaki z dolgoletnimi izku\u0161njami na podro\u010dju projektiranja, in\u017eeniringa in gradnje. Na\u0161im strankam nudimo vseobsegajo\u010do izku\u0161njo, saj jim nudimo vse, kar potrebujejo, iz enega vira: ne le da lahko [&hellip;]","og_url":"https:\/\/alliancease.com\/sl\/storitve\/","og_site_name":"Alliance ASE","article_modified_time":"2025-12-25T16:27:17+00:00","og_image":[{"width":1200,"height":600,"url":"https:\/\/alliancease.com\/wp-content\/uploads\/2024\/12\/Pumptrack-Vrhnika_Construction_Foto-Ursa-Drofenik_28.webp","type":"image\/webp"}],"twitter_card":"summary_large_image","twitter_misc":{"Est. reading time":"3 minute"},"schema":{"@context":"https:\/\/schema.org","@graph":[{"@type":"WebPage","@id":"https:\/\/alliancease.com\/sl\/storitve\/","url":"https:\/\/alliancease.com\/sl\/storitve\/","name":"Storitve - Alliance ASE","isPartOf":{"@id":"https:\/\/alliancease.com\/sl\/#website"},"primaryImageOfPage":{"@id":"https:\/\/alliancease.com\/sl\/storitve\/#primaryimage"},"image":{"@id":"https:\/\/alliancease.com\/sl\/storitve\/#primaryimage"},"thumbnailUrl":"https:\/\/alliancease.com\/wp-content\/uploads\/2024\/12\/Pumptrack-Vrhnika_Construction_Foto-Ursa-Drofenik_28.webp","datePublished":"2024-12-13T21:15:52+00:00","dateModified":"2025-12-25T16:27:17+00:00","breadcrumb":{"@id":"https:\/\/alliancease.com\/sl\/storitve\/#breadcrumb"},"inLanguage":"sl-SI","potentialAction":[{"@type":"ReadAction","target":["https:\/\/alliancease.com\/sl\/storitve\/"]}]},{"@type":"ImageObject","inLanguage":"sl-SI","@id":"https:\/\/alliancease.com\/sl\/storitve\/#primaryimage","url":"https:\/\/alliancease.com\/wp-content\/uploads\/2024\/12\/Pumptrack-Vrhnika_Construction_Foto-Ursa-Drofenik_28.webp","contentUrl":"https:\/\/alliancease.com\/wp-content\/uploads\/2024\/12\/Pumptrack-Vrhnika_Construction_Foto-Ursa-Drofenik_28.webp"},{"@type":"BreadcrumbList","@id":"https:\/\/alliancease.com\/sl\/storitve\/#breadcrumb","itemListElement":[{"@type":"ListItem","position":1,"name":"Home","item":"https:\/\/alliancease.com\/sl\/"},{"@type":"ListItem","position":2,"name":"Storitve"}]},{"@type":"WebSite","@id":"https:\/\/alliancease.com\/sl\/#website","url":"https:\/\/alliancease.com\/sl\/","name":"Alliance ASE","description":"Action Sports Expers","publisher":{"@id":"https:\/\/alliancease.com\/sl\/#organization"},"potentialAction":[{"@type":"SearchAction","target":{"@type":"EntryPoint","urlTemplate":"https:\/\/alliancease.com\/sl\/?s={search_term_string}"},"query-input":{"@type":"PropertyValueSpecification","valueRequired":true,"valueName":"search_term_string"}}],"inLanguage":"sl-SI"},{"@type":"Organization","@id":"https:\/\/alliancease.com\/sl\/#organization","name":"Alliance ASE","url":"https:\/\/alliancease.com\/sl\/","logo":{"@type":"ImageObject","inLanguage":"sl-SI","@id":"https:\/\/alliancease.com\/sl\/#\/schema\/logo\/image\/","url":"https:\/\/alliancease.com\/wp-content\/uploads\/2026\/04\/logo-alliancease.svg","contentUrl":"https:\/\/alliancease.com\/wp-content\/uploads\/2026\/04\/logo-alliancease.svg","caption":"Alliance ASE"},"image":{"@id":"https:\/\/alliancease.com\/sl\/#\/schema\/logo\/image\/"}}]}},"_links":{"self":[{"href":"https:\/\/alliancease.com\/sl\/wp-json\/wp\/v2\/pages\/1232","targetHints":{"allow":["GET"]}}],"collection":[{"href":"https:\/\/alliancease.com\/sl\/wp-json\/wp\/v2\/pages"}],"about":[{"href":"https:\/\/alliancease.com\/sl\/wp-json\/wp\/v2\/types\/page"}],"author":[{"embeddable":true,"href":"https:\/\/alliancease.com\/sl\/wp-json\/wp\/v2\/users\/1"}],"replies":[{"embeddable":true,"href":"https:\/\/alliancease.com\/sl\/wp-json\/wp\/v2\/comments?post=1232"}],"version-history":[{"count":1,"href":"https:\/\/alliancease.com\/sl\/wp-json\/wp\/v2\/pages\/1232\/revisions"}],"predecessor-version":[{"id":20320,"href":"https:\/\/alliancease.com\/sl\/wp-json\/wp\/v2\/pages\/1232\/revisions\/20320"}],"wp:attachment":[{"href":"https:\/\/alliancease.com\/sl\/wp-json\/wp\/v2\/media?parent=1232"}],"curies":[{"name":"wp","href":"https:\/\/api.w.org\/{rel}","templated":true}]}}