{"id":11757,"date":"2024-12-15T10:37:46","date_gmt":"2024-12-15T09:37:46","guid":{"rendered":"https:\/\/alliancease.com\/?page_id=11757"},"modified":"2025-01-22T10:46:57","modified_gmt":"2025-01-22T09:46:57","slug":"povprasevanje-gorsko-kolesarske-poti","status":"publish","type":"page","link":"https:\/\/alliancease.com\/sl\/povprasevanje-gorsko-kolesarske-poti\/","title":{"rendered":"Povpra\u0161evanje &#8211; Gorsko kolesarske poti"},"content":{"rendered":"\n<div class=\"wp-block-group form-container is-layout-flow wp-block-group-is-layout-flow\">\n<div class=\"wp-block-group has-grey-light-background-color has-background is-layout-constrained wp-container-core-group-is-layout-b181bcd4 wp-block-group-is-layout-constrained\" style=\"border-radius:10px;padding-top:var(--wp--preset--spacing--40);padding-right:var(--wp--preset--spacing--40);padding-bottom:var(--wp--preset--spacing--40);padding-left:var(--wp--preset--spacing--40)\">\n<h2 class=\"wp-block-heading has-text-align-center\" style=\"margin-bottom:var(--wp--preset--spacing--40)\">Gorsko kolesarske poti<\/h2>\n\n\n\n<div class=\"wp-block-contact-form-7-contact-form-selector\">\n<div class=\"wpcf7 no-js\" id=\"wpcf7-f11688-o1\" lang=\"sl-SI\" dir=\"ltr\" data-wpcf7-id=\"11688\">\n<div class=\"screen-reader-response\"><p role=\"status\" aria-live=\"polite\" aria-atomic=\"true\"><\/p> <ul><\/ul><\/div>\n<form action=\"\/sl\/wp-json\/wp\/v2\/pages\/11757#wpcf7-f11688-o1\" method=\"post\" class=\"wpcf7-form init\" aria-label=\"Contact form\" novalidate=\"novalidate\" data-status=\"init\">\n<fieldset class=\"hidden-fields-container\"><input type=\"hidden\" name=\"_wpcf7\" value=\"11688\" \/><input type=\"hidden\" name=\"_wpcf7_version\" value=\"6.1\" \/><input type=\"hidden\" name=\"_wpcf7_locale\" value=\"sl_SI\" \/><input type=\"hidden\" name=\"_wpcf7_unit_tag\" value=\"wpcf7-f11688-o1\" \/><input type=\"hidden\" name=\"_wpcf7_container_post\" value=\"0\" \/><input type=\"hidden\" name=\"_wpcf7_posted_data_hash\" value=\"\" \/><input type=\"hidden\" name=\"_wpcf7_recaptcha_response\" value=\"\" \/>\n<\/fieldset>\n<div class=\"project tabwrapper\">\n\t<h3 class=\"formtabtoggle active\"><span>Korak 1:<\/span> Ve\u010d o projektu\n\t<\/h3>\n\t<div class=\"formtab\">\n\t\t<p><label>POVEJTE NAM VE\u010c O VA\u0160EM PROJEKTU?<span class=\"wpcf7-form-control-wrap\" data-name=\"project-share\"><input size=\"40\" maxlength=\"400\" class=\"wpcf7-form-control wpcf7-text\" aria-invalid=\"false\" value=\"\" type=\"text\" name=\"project-share\" \/><\/span> <\/label><label> IMATE IZBRANO LOKACIJO? DELITE JO Z NAMI IN PRIPI\u0160ITE \u0160T. PARCELE IN KATASTRSKO OB\u010cINO. <span class=\"wpcf7-form-control-wrap\" data-name=\"project-location\"><input size=\"40\" maxlength=\"400\" class=\"wpcf7-form-control wpcf7-text\" aria-invalid=\"false\" value=\"\" type=\"text\" name=\"project-location\" \/><\/span> <\/label><label> KAK\u0160EN JE VA\u0160 PRORA\u010cUN?<span class=\"wpcf7-form-control-wrap\" data-name=\"project-budget\"><input size=\"40\" maxlength=\"400\" class=\"wpcf7-form-control wpcf7-text\" aria-invalid=\"false\" value=\"\" type=\"text\" name=\"project-budget\" \/><\/span> <\/label><label> <\/label>\n\t\t<\/p>\n\t<\/div>\n<\/div>\n<div class=\"information tabwrapper\">\n\t<h3 class=\"formtabtoggle\"><span>Korak 2:<\/span> Moji podatki\n\t<\/h3>\n\t<div class=\"formtab\" style=\"display: none\";>\n\t\t<p><label> ORGANIZACIJA<br \/>\n<span class=\"wpcf7-form-control-wrap\" data-name=\"your-company\"><input size=\"40\" maxlength=\"400\" class=\"wpcf7-form-control wpcf7-text\" aria-invalid=\"false\" value=\"\" type=\"text\" name=\"your-company\" \/><\/span> <\/label><label> IME \/ PRIIMEK *<br \/>\n<span class=\"wpcf7-form-control-wrap\" data-name=\"your-name\"><input size=\"40\" maxlength=\"400\" class=\"wpcf7-form-control wpcf7-text wpcf7-validates-as-required\" autocomplete=\"name\" aria-required=\"true\" aria-invalid=\"false\" value=\"\" type=\"text\" name=\"your-name\" \/><\/span> <\/label><label> Email*<br \/>\n<span class=\"wpcf7-form-control-wrap\" data-name=\"your-email\"><input size=\"40\" maxlength=\"400\" class=\"wpcf7-form-control wpcf7-email wpcf7-validates-as-required wpcf7-text wpcf7-validates-as-email\" autocomplete=\"email\" aria-required=\"true\" aria-invalid=\"false\" value=\"\" type=\"email\" name=\"your-email\" \/><\/span> <\/label><label> TELEFON<br \/>\n<span class=\"wpcf7-form-control-wrap\" data-name=\"your-phone\"><input size=\"40\" maxlength=\"400\" class=\"wpcf7-form-control wpcf7-text\" aria-invalid=\"false\" value=\"\" type=\"text\" name=\"your-phone\" \/><\/span> <\/label><label> KRAJ*<br \/>\n<span class=\"wpcf7-form-control-wrap\" data-name=\"your-city\"><input size=\"40\" maxlength=\"400\" class=\"wpcf7-form-control wpcf7-text wpcf7-validates-as-required\" aria-required=\"true\" aria-invalid=\"false\" value=\"\" type=\"text\" name=\"your-city\" \/><\/span> <\/label><label> DR\u017dAVA*<br \/>\n<span class=\"wpcf7-form-control-wrap\" data-name=\"your-country\"><input size=\"40\" maxlength=\"400\" class=\"wpcf7-form-control wpcf7-text wpcf7-validates-as-required\" aria-required=\"true\" aria-invalid=\"false\" value=\"\" type=\"text\" name=\"your-country\" \/><\/span> <\/label><span class=\"wpcf7-form-control-wrap\" data-name=\"newsletter\"><span class=\"wpcf7-form-control wpcf7-checkbox\"><span class=\"wpcf7-list-item first last\"><input type=\"checkbox\" name=\"newsletter[]\" value=\"Ostanimo v stiku - prijava na e-novice\" \/><span class=\"wpcf7-list-item-label\">Ostanimo v stiku - prijava na e-novice<\/span><\/span><\/span><\/span>\n\t\t<div class=\"wpcf7-response-output\" aria-hidden=\"true\"><\/div><input class=\"wpcf7-form-control wpcf7-submit has-spinner\" type=\"submit\" value=\"Po\u0161lji\" \/>\n\t\t<\/p>\n\t<\/div>\n<\/div>\n<\/form>\n<\/div>\n<\/div>\n<\/div>\n<\/div>\n","protected":false},"excerpt":{"rendered":"<p>Gorsko kolesarske poti<\/p>\n","protected":false},"author":1,"featured_media":0,"parent":0,"menu_order":0,"comment_status":"closed","ping_status":"closed","template":"page-form.php","meta":{"_acf_changed":false,"footnotes":""},"class_list":["post-11757","page","type-page","status-publish","hentry"],"acf":[],"yoast_head":"<!-- This site is optimized with the Yoast SEO plugin v26.6 - https:\/\/yoast.com\/wordpress\/plugins\/seo\/ -->\n<title>Povpra\u0161evanje - Gorsko kolesarske poti - Alliance ASE<\/title>\n<meta name=\"robots\" content=\"index, follow, max-snippet:-1, max-image-preview:large, max-video-preview:-1\" \/>\n<link rel=\"canonical\" href=\"https:\/\/alliancease.com\/sl\/povprasevanje-gorsko-kolesarske-poti\/\" \/>\n<meta property=\"og:locale\" content=\"sl_SI\" \/>\n<meta property=\"og:type\" content=\"article\" \/>\n<meta property=\"og:title\" content=\"Povpra\u0161evanje - Gorsko kolesarske poti - Alliance ASE\" \/>\n<meta property=\"og:description\" content=\"Gorsko kolesarske poti\" \/>\n<meta property=\"og:url\" content=\"https:\/\/alliancease.com\/sl\/povprasevanje-gorsko-kolesarske-poti\/\" \/>\n<meta property=\"og:site_name\" content=\"Alliance ASE\" \/>\n<meta property=\"article:modified_time\" content=\"2025-01-22T09:46:57+00:00\" \/>\n<meta name=\"twitter:card\" content=\"summary_large_image\" \/>\n<meta name=\"twitter:label1\" content=\"Est. reading time\" \/>\n\t<meta name=\"twitter:data1\" content=\"1 minuta\" \/>\n<script type=\"application\/ld+json\" class=\"yoast-schema-graph\">{\"@context\":\"https:\/\/schema.org\",\"@graph\":[{\"@type\":\"WebPage\",\"@id\":\"https:\/\/alliancease.com\/sl\/povprasevanje-gorsko-kolesarske-poti\/\",\"url\":\"https:\/\/alliancease.com\/sl\/povprasevanje-gorsko-kolesarske-poti\/\",\"name\":\"Povpra\u0161evanje - Gorsko kolesarske poti - Alliance ASE\",\"isPartOf\":{\"@id\":\"https:\/\/alliancease.com\/sl\/#website\"},\"datePublished\":\"2024-12-15T09:37:46+00:00\",\"dateModified\":\"2025-01-22T09:46:57+00:00\",\"breadcrumb\":{\"@id\":\"https:\/\/alliancease.com\/sl\/povprasevanje-gorsko-kolesarske-poti\/#breadcrumb\"},\"inLanguage\":\"sl-SI\",\"potentialAction\":[{\"@type\":\"ReadAction\",\"target\":[\"https:\/\/alliancease.com\/sl\/povprasevanje-gorsko-kolesarske-poti\/\"]}]},{\"@type\":\"BreadcrumbList\",\"@id\":\"https:\/\/alliancease.com\/sl\/povprasevanje-gorsko-kolesarske-poti\/#breadcrumb\",\"itemListElement\":[{\"@type\":\"ListItem\",\"position\":1,\"name\":\"Home\",\"item\":\"https:\/\/alliancease.com\/sl\/\"},{\"@type\":\"ListItem\",\"position\":2,\"name\":\"Povpra\u0161evanje &#8211; Gorsko kolesarske poti\"}]},{\"@type\":\"WebSite\",\"@id\":\"https:\/\/alliancease.com\/sl\/#website\",\"url\":\"https:\/\/alliancease.com\/sl\/\",\"name\":\"Alliance ASE\",\"description\":\"Action Sports Expers\",\"publisher\":{\"@id\":\"https:\/\/alliancease.com\/sl\/#organization\"},\"potentialAction\":[{\"@type\":\"SearchAction\",\"target\":{\"@type\":\"EntryPoint\",\"urlTemplate\":\"https:\/\/alliancease.com\/sl\/?s={search_term_string}\"},\"query-input\":{\"@type\":\"PropertyValueSpecification\",\"valueRequired\":true,\"valueName\":\"search_term_string\"}}],\"inLanguage\":\"sl-SI\"},{\"@type\":\"Organization\",\"@id\":\"https:\/\/alliancease.com\/sl\/#organization\",\"name\":\"Alliance ASE\",\"url\":\"https:\/\/alliancease.com\/sl\/\",\"logo\":{\"@type\":\"ImageObject\",\"inLanguage\":\"sl-SI\",\"@id\":\"https:\/\/alliancease.com\/sl\/#\/schema\/logo\/image\/\",\"url\":\"https:\/\/alliancease.com\/wp-content\/uploads\/2026\/04\/logo-alliancease.svg\",\"contentUrl\":\"https:\/\/alliancease.com\/wp-content\/uploads\/2026\/04\/logo-alliancease.svg\",\"caption\":\"Alliance ASE\"},\"image\":{\"@id\":\"https:\/\/alliancease.com\/sl\/#\/schema\/logo\/image\/\"}}]}<\/script>\n<!-- \/ Yoast SEO plugin. -->","yoast_head_json":{"title":"Povpra\u0161evanje - Gorsko kolesarske poti - Alliance ASE","robots":{"index":"index","follow":"follow","max-snippet":"max-snippet:-1","max-image-preview":"max-image-preview:large","max-video-preview":"max-video-preview:-1"},"canonical":"https:\/\/alliancease.com\/sl\/povprasevanje-gorsko-kolesarske-poti\/","og_locale":"sl_SI","og_type":"article","og_title":"Povpra\u0161evanje - Gorsko kolesarske poti - Alliance ASE","og_description":"Gorsko kolesarske poti","og_url":"https:\/\/alliancease.com\/sl\/povprasevanje-gorsko-kolesarske-poti\/","og_site_name":"Alliance ASE","article_modified_time":"2025-01-22T09:46:57+00:00","twitter_card":"summary_large_image","twitter_misc":{"Est. reading time":"1 minuta"},"schema":{"@context":"https:\/\/schema.org","@graph":[{"@type":"WebPage","@id":"https:\/\/alliancease.com\/sl\/povprasevanje-gorsko-kolesarske-poti\/","url":"https:\/\/alliancease.com\/sl\/povprasevanje-gorsko-kolesarske-poti\/","name":"Povpra\u0161evanje - Gorsko kolesarske poti - Alliance ASE","isPartOf":{"@id":"https:\/\/alliancease.com\/sl\/#website"},"datePublished":"2024-12-15T09:37:46+00:00","dateModified":"2025-01-22T09:46:57+00:00","breadcrumb":{"@id":"https:\/\/alliancease.com\/sl\/povprasevanje-gorsko-kolesarske-poti\/#breadcrumb"},"inLanguage":"sl-SI","potentialAction":[{"@type":"ReadAction","target":["https:\/\/alliancease.com\/sl\/povprasevanje-gorsko-kolesarske-poti\/"]}]},{"@type":"BreadcrumbList","@id":"https:\/\/alliancease.com\/sl\/povprasevanje-gorsko-kolesarske-poti\/#breadcrumb","itemListElement":[{"@type":"ListItem","position":1,"name":"Home","item":"https:\/\/alliancease.com\/sl\/"},{"@type":"ListItem","position":2,"name":"Povpra\u0161evanje &#8211; Gorsko kolesarske poti"}]},{"@type":"WebSite","@id":"https:\/\/alliancease.com\/sl\/#website","url":"https:\/\/alliancease.com\/sl\/","name":"Alliance ASE","description":"Action Sports Expers","publisher":{"@id":"https:\/\/alliancease.com\/sl\/#organization"},"potentialAction":[{"@type":"SearchAction","target":{"@type":"EntryPoint","urlTemplate":"https:\/\/alliancease.com\/sl\/?s={search_term_string}"},"query-input":{"@type":"PropertyValueSpecification","valueRequired":true,"valueName":"search_term_string"}}],"inLanguage":"sl-SI"},{"@type":"Organization","@id":"https:\/\/alliancease.com\/sl\/#organization","name":"Alliance ASE","url":"https:\/\/alliancease.com\/sl\/","logo":{"@type":"ImageObject","inLanguage":"sl-SI","@id":"https:\/\/alliancease.com\/sl\/#\/schema\/logo\/image\/","url":"https:\/\/alliancease.com\/wp-content\/uploads\/2026\/04\/logo-alliancease.svg","contentUrl":"https:\/\/alliancease.com\/wp-content\/uploads\/2026\/04\/logo-alliancease.svg","caption":"Alliance ASE"},"image":{"@id":"https:\/\/alliancease.com\/sl\/#\/schema\/logo\/image\/"}}]}},"_links":{"self":[{"href":"https:\/\/alliancease.com\/sl\/wp-json\/wp\/v2\/pages\/11757","targetHints":{"allow":["GET"]}}],"collection":[{"href":"https:\/\/alliancease.com\/sl\/wp-json\/wp\/v2\/pages"}],"about":[{"href":"https:\/\/alliancease.com\/sl\/wp-json\/wp\/v2\/types\/page"}],"author":[{"embeddable":true,"href":"https:\/\/alliancease.com\/sl\/wp-json\/wp\/v2\/users\/1"}],"replies":[{"embeddable":true,"href":"https:\/\/alliancease.com\/sl\/wp-json\/wp\/v2\/comments?post=11757"}],"version-history":[{"count":0,"href":"https:\/\/alliancease.com\/sl\/wp-json\/wp\/v2\/pages\/11757\/revisions"}],"wp:attachment":[{"href":"https:\/\/alliancease.com\/sl\/wp-json\/wp\/v2\/media?parent=11757"}],"curies":[{"name":"wp","href":"https:\/\/api.w.org\/{rel}","templated":true}]}}