{"id":11223,"date":"2024-12-13T22:15:52","date_gmt":"2024-12-13T21:15:52","guid":{"rendered":"https:\/\/alliancease.com\/services\/"},"modified":"2025-12-25T03:19:52","modified_gmt":"2025-12-25T02:19:52","slug":"unsere-dienstleistungen","status":"publish","type":"page","link":"https:\/\/alliancease.com\/de\/unsere-dienstleistungen\/","title":{"rendered":"Unsere Dienstleistungen"},"content":{"rendered":"\n<div class=\"wp-block-cover alignfull is-light\"><img loading=\"lazy\" decoding=\"async\" width=\"1200\" height=\"600\" class=\"wp-block-cover__image-background wp-image-677\" alt=\"\" src=\"https:\/\/alliancease.com\/wp-content\/uploads\/2024\/12\/Pumptrack-Vrhnika_Construction_Foto-Ursa-Drofenik_28.webp\" data-object-fit=\"cover\" srcset=\"https:\/\/alliancease.com\/wp-content\/uploads\/2024\/12\/Pumptrack-Vrhnika_Construction_Foto-Ursa-Drofenik_28.webp 1200w, https:\/\/alliancease.com\/wp-content\/uploads\/2024\/12\/Pumptrack-Vrhnika_Construction_Foto-Ursa-Drofenik_28-400x200.webp 400w, https:\/\/alliancease.com\/wp-content\/uploads\/2024\/12\/Pumptrack-Vrhnika_Construction_Foto-Ursa-Drofenik_28-1024x512.webp 1024w, https:\/\/alliancease.com\/wp-content\/uploads\/2024\/12\/Pumptrack-Vrhnika_Construction_Foto-Ursa-Drofenik_28-768x384.webp 768w\" sizes=\"auto, (max-width: 1200px) 100vw, 1200px\" \/><span aria-hidden=\"true\" class=\"wp-block-cover__background has-primary-dark-background-color has-background-dim-10 has-background-dim\"><\/span><div class=\"wp-block-cover__inner-container is-layout-constrained wp-block-cover-is-layout-constrained\">\n<p class=\"has-text-align-center has-large-font-size\"><\/p>\n<\/div><\/div>\n\n\n\n<div class=\"wp-block-group is-layout-constrained wp-block-group-is-layout-constrained\" style=\"margin-top:var(--wp--preset--spacing--60);margin-bottom:0\">\n<h2 class=\"wp-block-heading\">Unsere Dienstleistungen<\/h2>\n\n\n\n<p><strong>Alliance ASE ist ein Full-Service-Planungs- und Bauunternehmen, das sich auf die Entwicklung von Pumptracks sowie andere Actionsportanlagen spezialisiert hat. Unser Team besteht aus Experten mit langj\u00e4hriger Erfahrung in Planung, Konstruktion und Bau von Pumptracks. Wir bieten unseren Kunden ein All-Inclusive-Erlebnis, indem wir alles aus einer Hand liefern: Neben fachkundiger technischer Beratung verf\u00fcgen wir auch \u00fcber erfahrene Bauteams und spezialisierte Werkzeuge f\u00fcr anspruchsvolle Konstruktionen. So sind wir in der Lage, qualitativ hochwertige Pumptracks schnell und effizient zu liefern. Unsere L\u00f6sungen sind f\u00fcr alle Projektgr\u00f6\u00dfen sowie f\u00fcr unterschiedliche Kundentypen geeignet: von \u00f6ffentlichen und privaten Investoren \u00fcber Bautr\u00e4ger und Architekten bis hin zu Bauunternehmen.<\/strong><\/p>\n\n\n\n<h4 class=\"wp-block-heading\">Visualisieren<\/h4>\n\n\n\n<p>Jeder unserer Pumptracks ist auf die lokale Gemeinschaft und Kultur sowie die einzigartige Umgebung und die geografischen Elemente der Umgebung zugeschnitten. Wir recherchieren den Standort gr\u00fcndlich und ber\u00fccksichtigen die Vorlieben der Kunden und der lokalen Athleten bei der Gestaltung jedes unserer Projekte. Basierend auf diesen Inputs erstellen wir ein passendes Pumptrack-Layout und verschiedene Visualisierungen, die dabei helfen, Feedback von Stakeholdern einzuholen und Entscheidungstr\u00e4ger zu \u00fcberzeugen.<\/p>\n\n\n\n<h4 class=\"wp-block-heading\">Planen<\/h4>\n\n\n\n<p>Basierend auf dem best\u00e4tigten Pumptrack-Konzept erstellen unsere Bauingenieure und Landschaftsarchitekten detaillierte Genehmigungs- und Baupl\u00e4ne. Das geschieht unter der Ber\u00fccksichtigung von g\u00e4ngigen Sicherheitsnormen und -vorschriften. Wir \u00fcbernehmen entweder die komplette Masterplanung oder konzentrieren uns ausschlie\u00dflich auf den Pumptracks selbst. Dar\u00fcber hinaus k\u00fcmmern wir uns um die Materialauswahl und -spezifikation und erstellen etwaige Ausschreibungsunterlagen.<\/p>\n\n\n\n<h4 class=\"wp-block-heading\">Bauen<\/h4>\n\n\n\n<p>Der Bau eines hochwertigen Asphalt-Pumptracks erfordert spezielle Techniken und Werkzeuge. Unsere erfahrenen Bautrupps haben sie alle. Wir \u00fcbernehmen den kompletten Bau: vom Erdbau und der Entw\u00e4sserung \u00fcber den Pumptrackbau mit Schotter- und Asphaltarbeiten bis zum Landschaftsbau. Auf Wunsch arbeiten wir f\u00fcr einfache Aufgaben auch mit lokalen Auftragnehmern zusammen. Durch den Bau von \u00fcber 100 Pumptracks in unterschiedlichen Umgebungen sind wir mittlerweile Profis darin, schnell und effizient Pumptracks mit hoher Qualit\u00e4t zu entwickeln. Optional schulen wir \u00f6rtliche Baufirmen und Bauunternehmen, damit diese den Pumptrack unter unserer Aufsicht selbst bauen.<\/p>\n\n\n\n<h4 class=\"wp-block-heading\">Architektonische &amp; technische supervision<\/h4>\n\n\n\n<p>Bei Projekten mit mehreren Auftragnehmern bieten wir Investoren und Entwicklern die architektonische und technische Betreuung des Pumptrack-Baus an. Denn der Bau eines Pumptracks erfordert viele spezifische Bautechniken und -protokolle. Dank unserer langj\u00e4hrigen Erfahrung und eines effizienten Projektmanagements sorgen wir daf\u00fcr, dass die Konstruktion den Projektpl\u00e4nen und Anforderungen entspricht.<\/p>\n\n\n\n<h4 class=\"wp-block-heading\">Wartung<\/h4>\n\n\n\n<p>Unsere Asphalt-Pumptracks sind wartungsarm. Dennoch sind regelm\u00e4\u00dfige Kontrollen und Sicherheitsinspektionen wesentlich, um die Sicherheit und Langlebigkeit der Anlage zu gew\u00e4hrleisten. Unsere erfahrenen Crews k\u00fcmmern sich in Zusammenarbeit mit unabh\u00e4ngigen Sicherheitsinspektoren um Ihre gesamte Pumptrack-Anlage. So sind Sie sorgenfrei.<\/p>\n\n\n\n<h4 class=\"wp-block-heading\">Aufmerksamkeit erzeugen<\/h4>\n\n\n\n<p>Wir helfen Ihnen, das Beste aus Ihrer neuen Sportanlage herauszuholen. Beginnend mit einer Er\u00f6ffnungsfeier, welche die lokale Community und Medien anzieht. Das hilft dabei, potenzielle Nutzer zu aktivieren und f\u00fcr die neue Freizeitm\u00f6glichkeit zu gewinnen. In weiterer Folge binden wir sie durch Trainingslager, Veranstaltungen und Wettbewerbe ins Pumptrack-Geschehen ein. Potenzielle Nutzer fahren somit sicher und machen rasche Fortschritte: das motiviert langfristig.<\/p>\n<\/div>\n","protected":false},"excerpt":{"rendered":"<p>Unsere Dienstleistungen Alliance ASE ist ein Full-Service-Planungs- und Bauunternehmen, das sich auf die Entwicklung von Pumptracks sowie andere Actionsportanlagen spezialisiert hat. Unser Team besteht aus Experten mit langj\u00e4hriger Erfahrung in Planung, Konstruktion und Bau von Pumptracks. Wir bieten unseren Kunden ein All-Inclusive-Erlebnis, indem wir alles aus einer Hand liefern: Neben fachkundiger technischer Beratung verf\u00fcgen wir [&hellip;]<\/p>\n","protected":false},"author":1,"featured_media":0,"parent":0,"menu_order":0,"comment_status":"closed","ping_status":"closed","template":"","meta":{"_acf_changed":false,"footnotes":""},"class_list":["post-11223","page","type-page","status-publish","hentry"],"acf":[],"yoast_head":"<!-- This site is optimized with the Yoast SEO plugin v26.6 - https:\/\/yoast.com\/wordpress\/plugins\/seo\/ -->\n<title>Unsere Dienstleistungen - Alliance ASE<\/title>\n<meta name=\"robots\" content=\"index, follow, max-snippet:-1, max-image-preview:large, max-video-preview:-1\" \/>\n<link rel=\"canonical\" href=\"https:\/\/alliancease.com\/de\/unsere-dienstleistungen\/\" \/>\n<meta property=\"og:locale\" content=\"de_DE\" \/>\n<meta property=\"og:type\" content=\"article\" \/>\n<meta property=\"og:title\" content=\"Unsere Dienstleistungen - Alliance ASE\" \/>\n<meta property=\"og:description\" content=\"Unsere Dienstleistungen Alliance ASE ist ein Full-Service-Planungs- und Bauunternehmen, das sich auf die Entwicklung von Pumptracks sowie andere Actionsportanlagen spezialisiert hat. Unser Team besteht aus Experten mit langj\u00e4hriger Erfahrung in Planung, Konstruktion und Bau von Pumptracks. Wir bieten unseren Kunden ein All-Inclusive-Erlebnis, indem wir alles aus einer Hand liefern: Neben fachkundiger technischer Beratung verf\u00fcgen wir [&hellip;]\" \/>\n<meta property=\"og:url\" content=\"https:\/\/alliancease.com\/de\/unsere-dienstleistungen\/\" \/>\n<meta property=\"og:site_name\" content=\"Alliance ASE\" \/>\n<meta property=\"article:modified_time\" content=\"2025-12-25T02:19:52+00:00\" \/>\n<meta property=\"og:image\" content=\"https:\/\/alliancease.com\/wp-content\/uploads\/2024\/12\/Pumptrack-Vrhnika_Construction_Foto-Ursa-Drofenik_28.webp\" \/>\n\t<meta property=\"og:image:width\" content=\"1200\" \/>\n\t<meta property=\"og:image:height\" content=\"600\" \/>\n\t<meta property=\"og:image:type\" content=\"image\/webp\" \/>\n<meta name=\"twitter:card\" content=\"summary_large_image\" \/>\n<meta name=\"twitter:label1\" content=\"Gesch\u00e4tzte Lesezeit\" \/>\n\t<meta name=\"twitter:data1\" content=\"3\u00a0Minuten\" \/>\n<script type=\"application\/ld+json\" class=\"yoast-schema-graph\">{\"@context\":\"https:\/\/schema.org\",\"@graph\":[{\"@type\":\"WebPage\",\"@id\":\"https:\/\/alliancease.com\/de\/unsere-dienstleistungen\/\",\"url\":\"https:\/\/alliancease.com\/de\/unsere-dienstleistungen\/\",\"name\":\"Unsere Dienstleistungen - Alliance ASE\",\"isPartOf\":{\"@id\":\"https:\/\/alliancease.com\/de\/#website\"},\"primaryImageOfPage\":{\"@id\":\"https:\/\/alliancease.com\/de\/unsere-dienstleistungen\/#primaryimage\"},\"image\":{\"@id\":\"https:\/\/alliancease.com\/de\/unsere-dienstleistungen\/#primaryimage\"},\"thumbnailUrl\":\"https:\/\/alliancease.com\/wp-content\/uploads\/2024\/12\/Pumptrack-Vrhnika_Construction_Foto-Ursa-Drofenik_28.webp\",\"datePublished\":\"2024-12-13T21:15:52+00:00\",\"dateModified\":\"2025-12-25T02:19:52+00:00\",\"breadcrumb\":{\"@id\":\"https:\/\/alliancease.com\/de\/unsere-dienstleistungen\/#breadcrumb\"},\"inLanguage\":\"de\",\"potentialAction\":[{\"@type\":\"ReadAction\",\"target\":[\"https:\/\/alliancease.com\/de\/unsere-dienstleistungen\/\"]}]},{\"@type\":\"ImageObject\",\"inLanguage\":\"de\",\"@id\":\"https:\/\/alliancease.com\/de\/unsere-dienstleistungen\/#primaryimage\",\"url\":\"https:\/\/alliancease.com\/wp-content\/uploads\/2024\/12\/Pumptrack-Vrhnika_Construction_Foto-Ursa-Drofenik_28.webp\",\"contentUrl\":\"https:\/\/alliancease.com\/wp-content\/uploads\/2024\/12\/Pumptrack-Vrhnika_Construction_Foto-Ursa-Drofenik_28.webp\"},{\"@type\":\"BreadcrumbList\",\"@id\":\"https:\/\/alliancease.com\/de\/unsere-dienstleistungen\/#breadcrumb\",\"itemListElement\":[{\"@type\":\"ListItem\",\"position\":1,\"name\":\"Home\",\"item\":\"https:\/\/alliancease.com\/de\/\"},{\"@type\":\"ListItem\",\"position\":2,\"name\":\"Unsere Dienstleistungen\"}]},{\"@type\":\"WebSite\",\"@id\":\"https:\/\/alliancease.com\/de\/#website\",\"url\":\"https:\/\/alliancease.com\/de\/\",\"name\":\"Alliance ASE\",\"description\":\"Action Sports Expers\",\"publisher\":{\"@id\":\"https:\/\/alliancease.com\/de\/#organization\"},\"potentialAction\":[{\"@type\":\"SearchAction\",\"target\":{\"@type\":\"EntryPoint\",\"urlTemplate\":\"https:\/\/alliancease.com\/de\/?s={search_term_string}\"},\"query-input\":{\"@type\":\"PropertyValueSpecification\",\"valueRequired\":true,\"valueName\":\"search_term_string\"}}],\"inLanguage\":\"de\"},{\"@type\":\"Organization\",\"@id\":\"https:\/\/alliancease.com\/de\/#organization\",\"name\":\"Alliance ASE\",\"url\":\"https:\/\/alliancease.com\/de\/\",\"logo\":{\"@type\":\"ImageObject\",\"inLanguage\":\"de\",\"@id\":\"https:\/\/alliancease.com\/de\/#\/schema\/logo\/image\/\",\"url\":\"https:\/\/alliancease.com\/wp-content\/uploads\/2026\/04\/logo-alliancease.svg\",\"contentUrl\":\"https:\/\/alliancease.com\/wp-content\/uploads\/2026\/04\/logo-alliancease.svg\",\"caption\":\"Alliance ASE\"},\"image\":{\"@id\":\"https:\/\/alliancease.com\/de\/#\/schema\/logo\/image\/\"}}]}<\/script>\n<!-- \/ Yoast SEO plugin. -->","yoast_head_json":{"title":"Unsere Dienstleistungen - Alliance ASE","robots":{"index":"index","follow":"follow","max-snippet":"max-snippet:-1","max-image-preview":"max-image-preview:large","max-video-preview":"max-video-preview:-1"},"canonical":"https:\/\/alliancease.com\/de\/unsere-dienstleistungen\/","og_locale":"de_DE","og_type":"article","og_title":"Unsere Dienstleistungen - Alliance ASE","og_description":"Unsere Dienstleistungen Alliance ASE ist ein Full-Service-Planungs- und Bauunternehmen, das sich auf die Entwicklung von Pumptracks sowie andere Actionsportanlagen spezialisiert hat. Unser Team besteht aus Experten mit langj\u00e4hriger Erfahrung in Planung, Konstruktion und Bau von Pumptracks. Wir bieten unseren Kunden ein All-Inclusive-Erlebnis, indem wir alles aus einer Hand liefern: Neben fachkundiger technischer Beratung verf\u00fcgen wir [&hellip;]","og_url":"https:\/\/alliancease.com\/de\/unsere-dienstleistungen\/","og_site_name":"Alliance ASE","article_modified_time":"2025-12-25T02:19:52+00:00","og_image":[{"width":1200,"height":600,"url":"https:\/\/alliancease.com\/wp-content\/uploads\/2024\/12\/Pumptrack-Vrhnika_Construction_Foto-Ursa-Drofenik_28.webp","type":"image\/webp"}],"twitter_card":"summary_large_image","twitter_misc":{"Gesch\u00e4tzte Lesezeit":"3\u00a0Minuten"},"schema":{"@context":"https:\/\/schema.org","@graph":[{"@type":"WebPage","@id":"https:\/\/alliancease.com\/de\/unsere-dienstleistungen\/","url":"https:\/\/alliancease.com\/de\/unsere-dienstleistungen\/","name":"Unsere Dienstleistungen - Alliance ASE","isPartOf":{"@id":"https:\/\/alliancease.com\/de\/#website"},"primaryImageOfPage":{"@id":"https:\/\/alliancease.com\/de\/unsere-dienstleistungen\/#primaryimage"},"image":{"@id":"https:\/\/alliancease.com\/de\/unsere-dienstleistungen\/#primaryimage"},"thumbnailUrl":"https:\/\/alliancease.com\/wp-content\/uploads\/2024\/12\/Pumptrack-Vrhnika_Construction_Foto-Ursa-Drofenik_28.webp","datePublished":"2024-12-13T21:15:52+00:00","dateModified":"2025-12-25T02:19:52+00:00","breadcrumb":{"@id":"https:\/\/alliancease.com\/de\/unsere-dienstleistungen\/#breadcrumb"},"inLanguage":"de","potentialAction":[{"@type":"ReadAction","target":["https:\/\/alliancease.com\/de\/unsere-dienstleistungen\/"]}]},{"@type":"ImageObject","inLanguage":"de","@id":"https:\/\/alliancease.com\/de\/unsere-dienstleistungen\/#primaryimage","url":"https:\/\/alliancease.com\/wp-content\/uploads\/2024\/12\/Pumptrack-Vrhnika_Construction_Foto-Ursa-Drofenik_28.webp","contentUrl":"https:\/\/alliancease.com\/wp-content\/uploads\/2024\/12\/Pumptrack-Vrhnika_Construction_Foto-Ursa-Drofenik_28.webp"},{"@type":"BreadcrumbList","@id":"https:\/\/alliancease.com\/de\/unsere-dienstleistungen\/#breadcrumb","itemListElement":[{"@type":"ListItem","position":1,"name":"Home","item":"https:\/\/alliancease.com\/de\/"},{"@type":"ListItem","position":2,"name":"Unsere Dienstleistungen"}]},{"@type":"WebSite","@id":"https:\/\/alliancease.com\/de\/#website","url":"https:\/\/alliancease.com\/de\/","name":"Alliance ASE","description":"Action Sports Expers","publisher":{"@id":"https:\/\/alliancease.com\/de\/#organization"},"potentialAction":[{"@type":"SearchAction","target":{"@type":"EntryPoint","urlTemplate":"https:\/\/alliancease.com\/de\/?s={search_term_string}"},"query-input":{"@type":"PropertyValueSpecification","valueRequired":true,"valueName":"search_term_string"}}],"inLanguage":"de"},{"@type":"Organization","@id":"https:\/\/alliancease.com\/de\/#organization","name":"Alliance ASE","url":"https:\/\/alliancease.com\/de\/","logo":{"@type":"ImageObject","inLanguage":"de","@id":"https:\/\/alliancease.com\/de\/#\/schema\/logo\/image\/","url":"https:\/\/alliancease.com\/wp-content\/uploads\/2026\/04\/logo-alliancease.svg","contentUrl":"https:\/\/alliancease.com\/wp-content\/uploads\/2026\/04\/logo-alliancease.svg","caption":"Alliance ASE"},"image":{"@id":"https:\/\/alliancease.com\/de\/#\/schema\/logo\/image\/"}}]}},"_links":{"self":[{"href":"https:\/\/alliancease.com\/de\/wp-json\/wp\/v2\/pages\/11223","targetHints":{"allow":["GET"]}}],"collection":[{"href":"https:\/\/alliancease.com\/de\/wp-json\/wp\/v2\/pages"}],"about":[{"href":"https:\/\/alliancease.com\/de\/wp-json\/wp\/v2\/types\/page"}],"author":[{"embeddable":true,"href":"https:\/\/alliancease.com\/de\/wp-json\/wp\/v2\/users\/1"}],"replies":[{"embeddable":true,"href":"https:\/\/alliancease.com\/de\/wp-json\/wp\/v2\/comments?post=11223"}],"version-history":[{"count":1,"href":"https:\/\/alliancease.com\/de\/wp-json\/wp\/v2\/pages\/11223\/revisions"}],"predecessor-version":[{"id":20259,"href":"https:\/\/alliancease.com\/de\/wp-json\/wp\/v2\/pages\/11223\/revisions\/20259"}],"wp:attachment":[{"href":"https:\/\/alliancease.com\/de\/wp-json\/wp\/v2\/media?parent=11223"}],"curies":[{"name":"wp","href":"https:\/\/api.w.org\/{rel}","templated":true}]}}